{"id":94,"date":"2022-12-23T16:24:30","date_gmt":"2022-12-23T16:24:30","guid":{"rendered":"https:\/\/valencianosencantabria.es\/?page_id=94"},"modified":"2024-11-15T16:55:24","modified_gmt":"2024-11-15T16:55:24","slug":"enlaces","status":"publish","type":"page","link":"https:\/\/valencianosencantabria.es\/?page_id=94","title":{"rendered":"Enlaces"},"content":{"rendered":"\n<h3 class=\"wp-block-heading\"><strong>C\u00e1maras de comercio<\/strong><\/h3>\n\n\n<div class=\"wp-block-image\">\n<figure class=\"aligncenter size-full is-resized\"><a href=\"https:\/\/cindi.gva.es\/es\/web\/comercio\/camaras-de-comercio\" target=\"_blank\" rel=\"noreferrer noopener\"><img loading=\"lazy\" decoding=\"async\" width=\"413\" height=\"99\" src=\"https:\/\/valencianosencantabria.es\/wp-content\/uploads\/2024\/11\/Consell-Cambres.png\" alt=\"\" class=\"wp-image-385\" style=\"width:413px;height:auto\" srcset=\"https:\/\/valencianosencantabria.es\/wp-content\/uploads\/2024\/11\/Consell-Cambres.png 413w, https:\/\/valencianosencantabria.es\/wp-content\/uploads\/2024\/11\/Consell-Cambres-300x72.png 300w\" sizes=\"auto, (max-width: 413px) 100vw, 413px\" \/><\/a><\/figure><\/div>\n\n\n<p><\/p>\n\n\n\n<h3 class=\"wp-block-heading\"><strong>Acad\u00e8mia Valenciana de la Llengua<\/strong><\/h3>\n\n\n<div class=\"wp-block-image\">\n<figure class=\"aligncenter size-full is-resized\"><a href=\"https:\/\/www.avl.gva.es\" target=\"_blank\" rel=\"noreferrer noopener\"><img loading=\"lazy\" decoding=\"async\" width=\"149\" height=\"185\" src=\"https:\/\/valencianosencantabria.es\/wp-content\/uploads\/2024\/11\/logo-ACEDEMIA.jpg\" alt=\"\" class=\"wp-image-387\" style=\"width:188px;height:auto\"\/><\/a><\/figure><\/div>\n\n\n<p><\/p>\n\n\n\n<h3 class=\"wp-block-heading\"><strong>Universidades p\u00fablicas de la Comunidad Valenciana<\/strong><\/h3>\n\n\n<div class=\"wp-block-image\">\n<figure class=\"aligncenter size-large is-resized\"><a href=\"https:\/\/ceice.gva.es\/es\/web\/universidad\/universidades-publicas-de-la-comunidad-valenciana\" target=\"_blank\" rel=\"noreferrer noopener\"><img loading=\"lazy\" decoding=\"async\" width=\"1024\" height=\"185\" src=\"https:\/\/valencianosencantabria.es\/wp-content\/uploads\/2024\/11\/universidades-1024x185.jpg\" alt=\"\" class=\"wp-image-388\" style=\"width:764px;height:auto\" srcset=\"https:\/\/valencianosencantabria.es\/wp-content\/uploads\/2024\/11\/universidades-1024x185.jpg 1024w, https:\/\/valencianosencantabria.es\/wp-content\/uploads\/2024\/11\/universidades-300x54.jpg 300w, https:\/\/valencianosencantabria.es\/wp-content\/uploads\/2024\/11\/universidades-768x139.jpg 768w, https:\/\/valencianosencantabria.es\/wp-content\/uploads\/2024\/11\/universidades-1536x277.jpg 1536w, https:\/\/valencianosencantabria.es\/wp-content\/uploads\/2024\/11\/universidades-1568x283.jpg 1568w, https:\/\/valencianosencantabria.es\/wp-content\/uploads\/2024\/11\/universidades.jpg 1862w\" sizes=\"auto, (max-width: 1024px) 100vw, 1024px\" \/><\/a><\/figure><\/div>\n\n\n<p><\/p>\n\n\n\n<h3 class=\"wp-block-heading has-text-align-left\"><strong>Itinerarios tur\u00edsticos por la Comunidad Valenciana<\/strong><\/h3>\n\n\n<div class=\"wp-block-image\">\n<figure class=\"aligncenter size-full\"><a href=\"https:\/\/www.comunitatvalenciana.com\/es\/itinerarios\/\" target=\"_blank\" rel=\"noreferrer noopener\"><img loading=\"lazy\" decoding=\"async\" width=\"377\" height=\"159\" src=\"https:\/\/valencianosencantabria.es\/wp-content\/uploads\/2024\/11\/logo_2.png\" alt=\"\" class=\"wp-image-390\" srcset=\"https:\/\/valencianosencantabria.es\/wp-content\/uploads\/2024\/11\/logo_2.png 377w, https:\/\/valencianosencantabria.es\/wp-content\/uploads\/2024\/11\/logo_2-300x127.png 300w\" sizes=\"auto, (max-width: 377px) 100vw, 377px\" \/><\/a><\/figure><\/div>","protected":false},"excerpt":{"rendered":"<p>C\u00e1maras de comercio Acad\u00e8mia Valenciana de la Llengua Universidades p\u00fablicas de la Comunidad Valenciana Itinerarios tur\u00edsticos por la Comunidad Valenciana<\/p>\n","protected":false},"author":2,"featured_media":0,"parent":0,"menu_order":0,"comment_status":"closed","ping_status":"closed","template":"","meta":{"footnotes":""},"class_list":["post-94","page","type-page","status-publish","hentry","entry"],"_links":{"self":[{"href":"https:\/\/valencianosencantabria.es\/index.php?rest_route=\/wp\/v2\/pages\/94","targetHints":{"allow":["GET"]}}],"collection":[{"href":"https:\/\/valencianosencantabria.es\/index.php?rest_route=\/wp\/v2\/pages"}],"about":[{"href":"https:\/\/valencianosencantabria.es\/index.php?rest_route=\/wp\/v2\/types\/page"}],"author":[{"embeddable":true,"href":"https:\/\/valencianosencantabria.es\/index.php?rest_route=\/wp\/v2\/users\/2"}],"replies":[{"embeddable":true,"href":"https:\/\/valencianosencantabria.es\/index.php?rest_route=%2Fwp%2Fv2%2Fcomments&post=94"}],"version-history":[{"count":8,"href":"https:\/\/valencianosencantabria.es\/index.php?rest_route=\/wp\/v2\/pages\/94\/revisions"}],"predecessor-version":[{"id":395,"href":"https:\/\/valencianosencantabria.es\/index.php?rest_route=\/wp\/v2\/pages\/94\/revisions\/395"}],"wp:attachment":[{"href":"https:\/\/valencianosencantabria.es\/index.php?rest_route=%2Fwp%2Fv2%2Fmedia&parent=94"}],"curies":[{"name":"wp","href":"https:\/\/api.w.org\/{rel}","templated":true}]}}