{"id":87,"date":"2022-12-23T16:16:12","date_gmt":"2022-12-23T16:16:12","guid":{"rendered":"https:\/\/valencianosencantabria.es\/?page_id=87"},"modified":"2024-11-15T16:42:36","modified_gmt":"2024-11-15T16:42:36","slug":"actividades-en-el-mundo","status":"publish","type":"page","link":"https:\/\/valencianosencantabria.es\/?page_id=87","title":{"rendered":"Actividades en el mundo"},"content":{"rendered":"\n<div class=\"wp-block-media-text alignwide is-stacked-on-mobile\"><figure class=\"wp-block-media-text__media\"><img loading=\"lazy\" decoding=\"async\" width=\"640\" height=\"400\" src=\"https:\/\/valencianosencantabria.es\/wp-content\/uploads\/2022\/12\/map-g6a7b7158b_640.jpeg\" alt=\"\" class=\"wp-image-75 size-full\" srcset=\"https:\/\/valencianosencantabria.es\/wp-content\/uploads\/2022\/12\/map-g6a7b7158b_640.jpeg 640w, https:\/\/valencianosencantabria.es\/wp-content\/uploads\/2022\/12\/map-g6a7b7158b_640-300x188.jpeg 300w\" sizes=\"auto, (max-width: 640px) 100vw, 640px\" \/><\/figure><div class=\"wp-block-media-text__content\">\n<p class=\"has-extra-large-font-size\">Valencian@s por el mundo <\/p>\n<\/div><\/div>\n\n\n\n<h4 class=\"wp-block-heading\">El 15 y 16 de diciembre de 2022 tuvo lugar en la ciudad de Valencia, en el espacio denominado Las Naves, el II Congreso de Comunidades Valencianas en el Exterior.<\/h4>\n\n\n\n<p>El Congreso, organizado por la Direcci\u00f3n General de Participaci\u00f3n Ciudadana de la Conselleria de Participaci\u00f3n, Transparencia, Cooperaci\u00f3n y Calidad Democr\u00e1tica, fue conducido por la periodista Rosa Brines, que llev\u00f3 a cabo la presentaci\u00f3n de los sucesivos actos y de los intervinientes.<\/p>\n\n\n\n<p>Los centros valencianos en el exterior (CEVEX) son los embajadores de la cultura y tradiciones valencianes fuera de la propia Comunitat Valenciana. En los \u00faltimos a\u00f1os, adem\u00e1s, han evolucionado en sus cometidos como centros de referencia en los diferentes territorios para las persones valencianes que emigran.<\/p>\n\n\n\n<figure class=\"wp-block-image size-full is-style-default\"><img loading=\"lazy\" decoding=\"async\" width=\"808\" height=\"394\" src=\"https:\/\/valencianosencantabria.es\/wp-content\/uploads\/2023\/04\/Congreso_Cevex.jpg\" alt=\"\" class=\"wp-image-237\" srcset=\"https:\/\/valencianosencantabria.es\/wp-content\/uploads\/2023\/04\/Congreso_Cevex.jpg 808w, https:\/\/valencianosencantabria.es\/wp-content\/uploads\/2023\/04\/Congreso_Cevex-300x146.jpg 300w, https:\/\/valencianosencantabria.es\/wp-content\/uploads\/2023\/04\/Congreso_Cevex-768x374.jpg 768w\" sizes=\"auto, (max-width: 808px) 100vw, 808px\" \/><\/figure>\n\n\n\n<figure class=\"wp-block-image size-full\"><img loading=\"lazy\" decoding=\"async\" width=\"819\" height=\"395\" src=\"https:\/\/valencianosencantabria.es\/wp-content\/uploads\/2023\/04\/Congreso.jpg\" alt=\"\" class=\"wp-image-238\" srcset=\"https:\/\/valencianosencantabria.es\/wp-content\/uploads\/2023\/04\/Congreso.jpg 819w, https:\/\/valencianosencantabria.es\/wp-content\/uploads\/2023\/04\/Congreso-300x145.jpg 300w, https:\/\/valencianosencantabria.es\/wp-content\/uploads\/2023\/04\/Congreso-768x370.jpg 768w\" sizes=\"auto, (max-width: 819px) 100vw, 819px\" \/><\/figure>\n\n\n\n<p>Adem\u00e1s de cargos institucionales de la Generalitat con representaci\u00f3n en el Consejo de Centros Valencianos en el Exterior, asistieron representantes de 23 centros valencianos, tanto del extranjero como del resto del territorio del Estado.<\/p>\n\n\n\n<figure class=\"wp-block-image size-full\"><img loading=\"lazy\" decoding=\"async\" width=\"689\" height=\"461\" src=\"https:\/\/valencianosencantabria.es\/wp-content\/uploads\/2023\/04\/Captura-de-pantalla-2023-04-12-a-las-19.11.53.jpg\" alt=\"Rosa P\u00e9rez Garijo, titular de la Conselleria de Participaci\u00f3n, Transparencia, Cooperaci\u00f3n y Calidad Democr\u00e1tica\" class=\"wp-image-245\" srcset=\"https:\/\/valencianosencantabria.es\/wp-content\/uploads\/2023\/04\/Captura-de-pantalla-2023-04-12-a-las-19.11.53.jpg 689w, https:\/\/valencianosencantabria.es\/wp-content\/uploads\/2023\/04\/Captura-de-pantalla-2023-04-12-a-las-19.11.53-300x201.jpg 300w\" sizes=\"auto, (max-width: 689px) 100vw, 689px\" \/><figcaption class=\"wp-element-caption\">Rosa P\u00e9rez Garijo, titular de la Conselleria de Participaci\u00f3n, Transparencia, Cooperaci\u00f3n y Calidad Democr\u00e1tica<\/figcaption><\/figure>\n\n\n\n<p>Puedes descargar en pdf el <a rel=\"noreferrer noopener\" href=\"https:\/\/valencianosencantabria.es\/wp-content\/uploads\/2023\/04\/Informe-Conclusiones-II-congreso-CEVEX_compressed.pdf\" target=\"_blank\"><strong>Informe de Conclusiones del II Congreso de Comunidades Valencianas en el exterior<\/strong> <\/a><\/p>\n\n\n\n<figure class=\"wp-block-image size-full\"><img loading=\"lazy\" decoding=\"async\" width=\"655\" height=\"420\" src=\"https:\/\/valencianosencantabria.es\/wp-content\/uploads\/2023\/04\/Captura-de-pantalla-2023-04-12-a-las-19.12.26.jpg\" alt=\"\" class=\"wp-image-246\" srcset=\"https:\/\/valencianosencantabria.es\/wp-content\/uploads\/2023\/04\/Captura-de-pantalla-2023-04-12-a-las-19.12.26.jpg 655w, https:\/\/valencianosencantabria.es\/wp-content\/uploads\/2023\/04\/Captura-de-pantalla-2023-04-12-a-las-19.12.26-300x192.jpg 300w\" sizes=\"auto, (max-width: 655px) 100vw, 655px\" \/><\/figure>\n\n\n\n<p><\/p>\n\n\n\n<h4 class=\"wp-block-heading\"><strong>CEVEX. CENTROS VALENCIANOS EN EL EXTERIOR<\/strong><\/h4>\n\n\n\n<figure class=\"wp-block-image size-large is-resized\"><a href=\"https:\/\/cevex.gva.es\/es\/\" target=\"_blank\" rel=\"noreferrer noopener\"><img loading=\"lazy\" decoding=\"async\" width=\"1024\" height=\"201\" src=\"https:\/\/valencianosencantabria.es\/wp-content\/uploads\/2024\/11\/Banner_OK-1024x201.jpg\" alt=\"\" class=\"wp-image-381\" style=\"width:657px;height:auto\" srcset=\"https:\/\/valencianosencantabria.es\/wp-content\/uploads\/2024\/11\/Banner_OK-1024x201.jpg 1024w, https:\/\/valencianosencantabria.es\/wp-content\/uploads\/2024\/11\/Banner_OK-300x59.jpg 300w, https:\/\/valencianosencantabria.es\/wp-content\/uploads\/2024\/11\/Banner_OK-768x151.jpg 768w, https:\/\/valencianosencantabria.es\/wp-content\/uploads\/2024\/11\/Banner_OK.jpg 1120w\" sizes=\"auto, (max-width: 1024px) 100vw, 1024px\" \/><\/a><\/figure>\n","protected":false},"excerpt":{"rendered":"<p>Valencian@s por el mundo El 15 y 16 de diciembre de 2022 tuvo lugar en la ciudad de Valencia, en el espacio denominado Las Naves, el II Congreso de Comunidades Valencianas en el Exterior. El Congreso, organizado por la Direcci\u00f3n General de Participaci\u00f3n Ciudadana de la Conselleria de Participaci\u00f3n, Transparencia, Cooperaci\u00f3n y Calidad Democr\u00e1tica, fue&hellip; <a class=\"more-link\" href=\"https:\/\/valencianosencantabria.es\/?page_id=87\">Seguir leyendo <span class=\"screen-reader-text\">Actividades en el mundo<\/span><\/a><\/p>\n","protected":false},"author":2,"featured_media":0,"parent":0,"menu_order":0,"comment_status":"closed","ping_status":"closed","template":"","meta":{"footnotes":""},"class_list":["post-87","page","type-page","status-publish","hentry","entry"],"_links":{"self":[{"href":"https:\/\/valencianosencantabria.es\/index.php?rest_route=\/wp\/v2\/pages\/87","targetHints":{"allow":["GET"]}}],"collection":[{"href":"https:\/\/valencianosencantabria.es\/index.php?rest_route=\/wp\/v2\/pages"}],"about":[{"href":"https:\/\/valencianosencantabria.es\/index.php?rest_route=\/wp\/v2\/types\/page"}],"author":[{"embeddable":true,"href":"https:\/\/valencianosencantabria.es\/index.php?rest_route=\/wp\/v2\/users\/2"}],"replies":[{"embeddable":true,"href":"https:\/\/valencianosencantabria.es\/index.php?rest_route=%2Fwp%2Fv2%2Fcomments&post=87"}],"version-history":[{"count":14,"href":"https:\/\/valencianosencantabria.es\/index.php?rest_route=\/wp\/v2\/pages\/87\/revisions"}],"predecessor-version":[{"id":384,"href":"https:\/\/valencianosencantabria.es\/index.php?rest_route=\/wp\/v2\/pages\/87\/revisions\/384"}],"wp:attachment":[{"href":"https:\/\/valencianosencantabria.es\/index.php?rest_route=%2Fwp%2Fv2%2Fmedia&parent=87"}],"curies":[{"name":"wp","href":"https:\/\/api.w.org\/{rel}","templated":true}]}}