{"id":81,"date":"2022-12-23T16:09:45","date_gmt":"2022-12-23T16:09:45","guid":{"rendered":"https:\/\/valencianosencantabria.es\/?page_id=81"},"modified":"2024-11-15T16:14:49","modified_gmt":"2024-11-15T16:14:49","slug":"actividades-culturales","status":"publish","type":"page","link":"https:\/\/valencianosencantabria.es\/?page_id=81","title":{"rendered":"Actividades culturales"},"content":{"rendered":"\n<div class=\"wp-block-media-text alignwide is-stacked-on-mobile\"><figure class=\"wp-block-media-text__media\"><img loading=\"lazy\" decoding=\"async\" width=\"640\" height=\"427\" src=\"https:\/\/valencianosencantabria.es\/wp-content\/uploads\/2022\/12\/microphone-g5f130b88f_640.jpg\" alt=\"\" class=\"wp-image-76 size-full\" srcset=\"https:\/\/valencianosencantabria.es\/wp-content\/uploads\/2022\/12\/microphone-g5f130b88f_640.jpg 640w, https:\/\/valencianosencantabria.es\/wp-content\/uploads\/2022\/12\/microphone-g5f130b88f_640-300x200.jpg 300w\" sizes=\"auto, (max-width: 640px) 100vw, 640px\" \/><\/figure><div class=\"wp-block-media-text__content\">\n<p class=\"has-extra-large-font-size\">Celebramos conferencias, concursos y visitas culturales.<\/p>\n<\/div><\/div>\n\n\n\n<div class=\"wp-block-media-text alignwide is-stacked-on-mobile\"><figure class=\"wp-block-media-text__media\"><img loading=\"lazy\" decoding=\"async\" width=\"1024\" height=\"724\" src=\"https:\/\/valencianosencantabria.es\/wp-content\/uploads\/2023\/05\/cartel-conferencia-llengua-valenciana-1024x724.jpeg\" alt=\"\" class=\"wp-image-280 size-full\" srcset=\"https:\/\/valencianosencantabria.es\/wp-content\/uploads\/2023\/05\/cartel-conferencia-llengua-valenciana-1024x724.jpeg 1024w, https:\/\/valencianosencantabria.es\/wp-content\/uploads\/2023\/05\/cartel-conferencia-llengua-valenciana-300x212.jpeg 300w, https:\/\/valencianosencantabria.es\/wp-content\/uploads\/2023\/05\/cartel-conferencia-llengua-valenciana-768x543.jpeg 768w, https:\/\/valencianosencantabria.es\/wp-content\/uploads\/2023\/05\/cartel-conferencia-llengua-valenciana.jpeg 1169w\" sizes=\"auto, (max-width: 1024px) 100vw, 1024px\" \/><\/figure><div class=\"wp-block-media-text__content\">\n<p class=\"has-extra-large-font-size\">Conferencia: \u00abDes de Juan i perqu\u00e8 Som valenciana: Cls or\u00edgenes del Regne de Val\u00e8ncia\u00bb.<\/p>\n\n\n\n<p>Conferenciantes: Dr. D. Ram\u00f3n Ferrer Navarro<\/p>\n<\/div><\/div>\n\n\n\n<div class=\"wp-block-media-text alignwide is-stacked-on-mobile\"><figure class=\"wp-block-media-text__media\"><img loading=\"lazy\" decoding=\"async\" width=\"1024\" height=\"724\" src=\"https:\/\/valencianosencantabria.es\/wp-content\/uploads\/2023\/05\/cartel-conferencia-dia-9-1024x724.jpeg\" alt=\"\" class=\"wp-image-278 size-full\" srcset=\"https:\/\/valencianosencantabria.es\/wp-content\/uploads\/2023\/05\/cartel-conferencia-dia-9-1024x724.jpeg 1024w, https:\/\/valencianosencantabria.es\/wp-content\/uploads\/2023\/05\/cartel-conferencia-dia-9-300x212.jpeg 300w, https:\/\/valencianosencantabria.es\/wp-content\/uploads\/2023\/05\/cartel-conferencia-dia-9-768x543.jpeg 768w, https:\/\/valencianosencantabria.es\/wp-content\/uploads\/2023\/05\/cartel-conferencia-dia-9.jpeg 1169w\" sizes=\"auto, (max-width: 1024px) 100vw, 1024px\" \/><\/figure><div class=\"wp-block-media-text__content\">\n<p class=\"has-extra-large-font-size\">Conferencia \u00abLa indumentaria pasiega hacia 1800\u00bb.<\/p>\n\n\n\n<p>Conferenciante: D\u00aa Amaya Medina<\/p>\n\n\n\n<figure class=\"wp-block-image size-large\"><img loading=\"lazy\" decoding=\"async\" width=\"1024\" height=\"505\" src=\"https:\/\/valencianosencantabria.es\/wp-content\/uploads\/2023\/05\/conferencia-indumenaria-de-cantabria-1024x505.jpg\" alt=\"\" class=\"wp-image-279\" srcset=\"https:\/\/valencianosencantabria.es\/wp-content\/uploads\/2023\/05\/conferencia-indumenaria-de-cantabria-1024x505.jpg 1024w, https:\/\/valencianosencantabria.es\/wp-content\/uploads\/2023\/05\/conferencia-indumenaria-de-cantabria-300x148.jpg 300w, https:\/\/valencianosencantabria.es\/wp-content\/uploads\/2023\/05\/conferencia-indumenaria-de-cantabria-768x378.jpg 768w, https:\/\/valencianosencantabria.es\/wp-content\/uploads\/2023\/05\/conferencia-indumenaria-de-cantabria-1536x757.jpg 1536w, https:\/\/valencianosencantabria.es\/wp-content\/uploads\/2023\/05\/conferencia-indumenaria-de-cantabria-1568x773.jpg 1568w, https:\/\/valencianosencantabria.es\/wp-content\/uploads\/2023\/05\/conferencia-indumenaria-de-cantabria.jpg 1599w\" sizes=\"auto, (max-width: 1024px) 100vw, 1024px\" \/><\/figure>\n<\/div><\/div>\n\n\n\n<div class=\"wp-block-media-text alignwide is-stacked-on-mobile\"><figure class=\"wp-block-media-text__media\"><img loading=\"lazy\" decoding=\"async\" width=\"1024\" height=\"768\" src=\"https:\/\/valencianosencantabria.es\/wp-content\/uploads\/2023\/05\/conferencia-de-Alvar-en-Caja-CAntabria-1024x768.jpeg\" alt=\"\" class=\"wp-image-276 size-full\" srcset=\"https:\/\/valencianosencantabria.es\/wp-content\/uploads\/2023\/05\/conferencia-de-Alvar-en-Caja-CAntabria-1024x768.jpeg 1024w, https:\/\/valencianosencantabria.es\/wp-content\/uploads\/2023\/05\/conferencia-de-Alvar-en-Caja-CAntabria-300x225.jpeg 300w, https:\/\/valencianosencantabria.es\/wp-content\/uploads\/2023\/05\/conferencia-de-Alvar-en-Caja-CAntabria-768x576.jpeg 768w, https:\/\/valencianosencantabria.es\/wp-content\/uploads\/2023\/05\/conferencia-de-Alvar-en-Caja-CAntabria-1536x1153.jpeg 1536w, https:\/\/valencianosencantabria.es\/wp-content\/uploads\/2023\/05\/conferencia-de-Alvar-en-Caja-CAntabria-1568x1177.jpeg 1568w, https:\/\/valencianosencantabria.es\/wp-content\/uploads\/2023\/05\/conferencia-de-Alvar-en-Caja-CAntabria.jpeg 1599w\" sizes=\"auto, (max-width: 1024px) 100vw, 1024px\" \/><\/figure><div class=\"wp-block-media-text__content\">\n<p class=\"has-extra-large-font-size\">Conferencia \u00abMary Elmes y el Hospital de Polop de la Marina (1938-1939).<\/p>\n\n\n\n<p>Conferenciante: D. \u00c1lvar Mart\u00ednez Vidal<\/p>\n<\/div><\/div>\n\n\n\n<p><\/p>\n\n\n\n<p><\/p>\n\n\n\n<h2 class=\"wp-block-heading alignwide\">Falleras 2023 <\/h2>\n\n\n\n<p><em><strong>Fallera Mayor <\/strong><\/em>:&nbsp; Aurelia Villar Bonet<\/p>\n\n\n\n<p><em><strong>Fester Major<\/strong>: <\/em>Carlos Alonso Izquierdo<\/p>\n\n\n\n<p><em><strong>Fallera Infantil<\/strong> <\/em>: Amalia Catal\u00e1 de la Hoz, que acude a las fiestas de fallas con sus padres:&nbsp;<\/p>\n\n\n\n<ul class=\"wp-block-list\">\n<li>Juan Carlos Catal\u00e1 Calatayud<\/li>\n\n\n\n<li>Agueda de la Hoz Mier<\/li>\n<\/ul>\n\n\n\n<figure class=\"wp-block-image size-full\"><img loading=\"lazy\" decoding=\"async\" width=\"1000\" height=\"563\" src=\"https:\/\/valencianosencantabria.es\/wp-content\/uploads\/2023\/05\/falleras-de-los-cevex-2023.jpg\" alt=\"\" class=\"wp-image-300\" srcset=\"https:\/\/valencianosencantabria.es\/wp-content\/uploads\/2023\/05\/falleras-de-los-cevex-2023.jpg 1000w, https:\/\/valencianosencantabria.es\/wp-content\/uploads\/2023\/05\/falleras-de-los-cevex-2023-300x169.jpg 300w, https:\/\/valencianosencantabria.es\/wp-content\/uploads\/2023\/05\/falleras-de-los-cevex-2023-768x432.jpg 768w\" sizes=\"auto, (max-width: 1000px) 100vw, 1000px\" \/><figcaption class=\"wp-element-caption\">Falleras de los CEVEX 2023<\/figcaption><\/figure>\n\n\n\n<figure class=\"wp-block-image size-full\"><img loading=\"lazy\" decoding=\"async\" width=\"1000\" height=\"504\" src=\"https:\/\/valencianosencantabria.es\/wp-content\/uploads\/2023\/05\/nuestra-fallera-de-2022-Arancha-con-falleras-de-otros-cevex-en-valencia-.jpg\" alt=\"\" class=\"wp-image-303\" srcset=\"https:\/\/valencianosencantabria.es\/wp-content\/uploads\/2023\/05\/nuestra-fallera-de-2022-Arancha-con-falleras-de-otros-cevex-en-valencia-.jpg 1000w, https:\/\/valencianosencantabria.es\/wp-content\/uploads\/2023\/05\/nuestra-fallera-de-2022-Arancha-con-falleras-de-otros-cevex-en-valencia--300x151.jpg 300w, https:\/\/valencianosencantabria.es\/wp-content\/uploads\/2023\/05\/nuestra-fallera-de-2022-Arancha-con-falleras-de-otros-cevex-en-valencia--768x387.jpg 768w\" sizes=\"auto, (max-width: 1000px) 100vw, 1000px\" \/><figcaption class=\"wp-element-caption\">Falleras de los CEVEX 2022<\/figcaption><\/figure>\n\n\n\n<h2 class=\"wp-block-heading alignwide\">Visitas culturales en Cantabria<\/h2>\n\n\n\n<figure class=\"wp-block-image size-full is-resized\"><a href=\"https:\/\/valencianosencantabria.es\/wp-content\/uploads\/2023\/05\/2020-monumento-al-pescador.jpg\"><img loading=\"lazy\" decoding=\"async\" width=\"550\" height=\"318\" src=\"https:\/\/valencianosencantabria.es\/wp-content\/uploads\/2023\/05\/2020-monumento-al-pescador.jpg\" alt=\"\" class=\"wp-image-293\" style=\"width:605px;height:348px\" srcset=\"https:\/\/valencianosencantabria.es\/wp-content\/uploads\/2023\/05\/2020-monumento-al-pescador.jpg 550w, https:\/\/valencianosencantabria.es\/wp-content\/uploads\/2023\/05\/2020-monumento-al-pescador-300x173.jpg 300w\" sizes=\"auto, (max-width: 550px) 100vw, 550px\" \/><\/a><figcaption class=\"wp-element-caption\">Monumento al Pescador 2020<\/figcaption><\/figure>\n\n\n\n<div class=\"wp-block-columns is-layout-flex wp-container-core-columns-is-layout-1 wp-block-columns-is-layout-flex\">\n<div class=\"wp-block-column is-layout-flow wp-block-column-is-layout-flow\">\n<figure class=\"wp-block-image size-full\"><a href=\"https:\/\/valencianosencantabria.es\/wp-content\/uploads\/2023\/05\/parque-natural-de-oyambre-2019-11.jpg\"><img loading=\"lazy\" decoding=\"async\" width=\"600\" height=\"800\" src=\"https:\/\/valencianosencantabria.es\/wp-content\/uploads\/2023\/05\/parque-natural-de-oyambre-2019-11.jpg\" alt=\"\" class=\"wp-image-295\" srcset=\"https:\/\/valencianosencantabria.es\/wp-content\/uploads\/2023\/05\/parque-natural-de-oyambre-2019-11.jpg 600w, https:\/\/valencianosencantabria.es\/wp-content\/uploads\/2023\/05\/parque-natural-de-oyambre-2019-11-225x300.jpg 225w\" sizes=\"auto, (max-width: 600px) 100vw, 600px\" \/><\/a><figcaption class=\"wp-element-caption\">P. N. Oyambre 2019<\/figcaption><\/figure>\n<\/div>\n\n\n\n<div class=\"wp-block-column is-layout-flow wp-block-column-is-layout-flow\">\n<figure class=\"wp-block-image size-full\"><a href=\"https:\/\/valencianosencantabria.es\/wp-content\/uploads\/2023\/05\/2019-11-en-el-parque-de-sequoias.jpg\"><img loading=\"lazy\" decoding=\"async\" width=\"413\" height=\"550\" src=\"https:\/\/valencianosencantabria.es\/wp-content\/uploads\/2023\/05\/2019-11-en-el-parque-de-sequoias.jpg\" alt=\"\" class=\"wp-image-294\" srcset=\"https:\/\/valencianosencantabria.es\/wp-content\/uploads\/2023\/05\/2019-11-en-el-parque-de-sequoias.jpg 413w, https:\/\/valencianosencantabria.es\/wp-content\/uploads\/2023\/05\/2019-11-en-el-parque-de-sequoias-225x300.jpg 225w\" sizes=\"auto, (max-width: 413px) 100vw, 413px\" \/><\/a><figcaption class=\"wp-element-caption\">Parque de sequoias 2019<\/figcaption><\/figure>\n<\/div>\n<\/div>\n","protected":false},"excerpt":{"rendered":"<p>Celebramos conferencias, concursos y visitas culturales. Conferencia: \u00abDes de Juan i perqu\u00e8 Som valenciana: Cls or\u00edgenes del Regne de Val\u00e8ncia\u00bb. Conferenciantes: Dr. D. Ram\u00f3n Ferrer Navarro Conferencia \u00abMary Elmes y el Hospital de Polop de la Marina (1938-1939). Conferenciante: D. \u00c1lvar Mart\u00ednez Vidal Falleras 2023 Fallera Mayor :&nbsp; Aurelia Villar Bonet Fester Major: Carlos Alonso&hellip; <a class=\"more-link\" href=\"https:\/\/valencianosencantabria.es\/?page_id=81\">Seguir leyendo <span class=\"screen-reader-text\">Actividades culturales<\/span><\/a><\/p>\n","protected":false},"author":2,"featured_media":0,"parent":0,"menu_order":0,"comment_status":"closed","ping_status":"closed","template":"","meta":{"footnotes":""},"class_list":["post-81","page","type-page","status-publish","hentry","entry"],"_links":{"self":[{"href":"https:\/\/valencianosencantabria.es\/index.php?rest_route=\/wp\/v2\/pages\/81","targetHints":{"allow":["GET"]}}],"collection":[{"href":"https:\/\/valencianosencantabria.es\/index.php?rest_route=\/wp\/v2\/pages"}],"about":[{"href":"https:\/\/valencianosencantabria.es\/index.php?rest_route=\/wp\/v2\/types\/page"}],"author":[{"embeddable":true,"href":"https:\/\/valencianosencantabria.es\/index.php?rest_route=\/wp\/v2\/users\/2"}],"replies":[{"embeddable":true,"href":"https:\/\/valencianosencantabria.es\/index.php?rest_route=%2Fwp%2Fv2%2Fcomments&post=81"}],"version-history":[{"count":7,"href":"https:\/\/valencianosencantabria.es\/index.php?rest_route=\/wp\/v2\/pages\/81\/revisions"}],"predecessor-version":[{"id":369,"href":"https:\/\/valencianosencantabria.es\/index.php?rest_route=\/wp\/v2\/pages\/81\/revisions\/369"}],"wp:attachment":[{"href":"https:\/\/valencianosencantabria.es\/index.php?rest_route=%2Fwp%2Fv2%2Fmedia&parent=81"}],"curies":[{"name":"wp","href":"https:\/\/api.w.org\/{rel}","templated":true}]}}