{"id":19,"date":"2022-12-19T11:10:22","date_gmt":"2022-12-19T11:10:22","guid":{"rendered":"https:\/\/valencianosencantabria.es\/?page_id=19"},"modified":"2024-11-15T16:33:29","modified_gmt":"2024-11-15T16:33:29","slug":"acerca-de","status":"publish","type":"page","link":"https:\/\/valencianosencantabria.es\/?page_id=19","title":{"rendered":"Historia"},"content":{"rendered":"\n<h2 class=\"wp-block-heading alignwide\">La Casa de la Comunidad Valenciana en Cantabria<\/h2>\n\n\n\n<h5 class=\"wp-block-heading alignwide\">Sabemos por los socios con m\u00e1s edad que desde los a\u00f1os 60 se celebraron reuniones informales entre valencianos asentados en Cantabria por motivos familiares, laborales o por ambos. En la \u00faltima d\u00e9cada del siglo XX estas reuniones se hicieron m\u00e1s asiduas y poco a poco se plante\u00f3 el inter\u00e9s de formalizarlas mediante la creaci\u00f3n de una asociaci\u00f3n cultural.<\/h5>\n\n\n\n<h5 class=\"wp-block-heading alignwide\">El 4 de abril de 2003, Juan Tar\u00edn Zahonero, como secretario, presenta en la Consejer\u00eda de Presidencia, la solicitud de inscribirnos como asociaci\u00f3n cultural, con el nombre de \u201cCasa de la Comunidad Valenciana en Cantabria\u201d (art. 10 de la ley Org\u00e1nica 1\/2002 de 22 de marzo, que regula el derecho de asociaci\u00f3n). Recibiendo la informaci\u00f3n de la inscripci\u00f3n en el Registro de Asociaciones de Cantabria, el 23 de julio de ese mismo a\u00f1o, en la secci\u00f3n primera y con el numero 3323\/962. En ese mismo a\u00f1o ya hab\u00edamos conseguido el reconocimiento de nuestra asociaci\u00f3n por la Generalitat Valenciana (resoluci\u00f3n de 29 de septiembre y notificaci\u00f3n de 1 de octubre) teniendo el n\u00famero 02 del Registro de Centros Valencianos en el Exterior (CEVEX) de Consejer\u00eda de Presidencia de la Generalitat Valenciana.<\/h5>\n\n\n\n<h2 class=\"wp-block-heading alignwide\">Junta Directiva 2023<\/h2>\n\n\n\n<div class=\"wp-block-columns is-layout-flex wp-container-core-columns-is-layout-1 wp-block-columns-is-layout-flex\">\n<div class=\"wp-block-column is-layout-flow wp-block-column-is-layout-flow\" style=\"flex-basis:66.66%\">\n<p><strong>Presidenta<\/strong>: Laura Argando\u00f1a Fayos<br><strong>Vicepresidenta<\/strong>: Consuelo Algora Corbi<br><strong>Secretaria<\/strong>: M\u00aa Fernanda Gonz\u00e1lvez Solaz<br><strong>Tesorera<\/strong>: Gloria Ferrer D\u00edaz<br><strong>Vocal<\/strong> : Francisco Esteve Vicente<br><strong>Vocal<\/strong> : Jos\u00e9 Luis Holgado Esp\u00edn<br><strong>Vocal<\/strong> : Virginia M\u00aa Cu\u00f1at Ciscar<\/p>\n<\/div>\n\n\n\n<div class=\"wp-block-column is-layout-flow wp-block-column-is-layout-flow\" style=\"flex-basis:33.33%\"><\/div>\n<\/div>\n\n\n\n<h2 class=\"wp-block-heading alignwide\">Memorias de actividades<\/h2>\n\n\n\n<h5 class=\"wp-block-heading alignwide\">En nuestra planificaci\u00f3n alternamos la difusi\u00f3n de la cultura c\u00e1ntabra y la cultura valenciana tanto en las actividades de formaci\u00f3n, como en las de participaci\u00f3n, as\u00ed como en las m\u00e1s institucionales en torno a la festividad del 9 de octubre y del d\u00eda de la Virgen de los Desamparados.<\/h5>\n\n\n\n<h5 class=\"wp-block-heading alignwide\">La vida de la asociaci\u00f3n no se puede entender sin esa uni\u00f3n entre socios y amigos de la Casa, de las instituciones que la apoyan, como se aprecia en las memorias de las actividades.<\/h5>\n\n\n\n<h5 class=\"wp-block-heading alignwide\">En estas acciones se mantiene una acogida permanente a los valencianos que por motivos laborales vienen a vivir a Cantabria, tanto para estancias temporales como quienes se enra\u00edzan en esta tierra de Cantabria formando parte de su futuro en las siguientes generaciones a trav\u00e9s de vuestra familia y amigos.<\/h5>\n\n\n\n<figure class=\"wp-block-gallery has-nested-images columns-default is-cropped wp-block-gallery-1 is-layout-flex wp-block-gallery-is-layout-flex\">\n<figure class=\"wp-block-image size-large\"><a href=\"https:\/\/valencianosencantabria.es\/wp-content\/uploads\/2023\/04\/memoria-ccvc-2017_compressed.pdf\"><img loading=\"lazy\" decoding=\"async\" width=\"401\" height=\"567\" data-id=\"180\" src=\"https:\/\/valencianosencantabria.es\/wp-content\/uploads\/2023\/03\/Captura-de-pantalla-2023-03-30-a-las-18.54.35.jpg\" alt=\"\" class=\"wp-image-180\" srcset=\"https:\/\/valencianosencantabria.es\/wp-content\/uploads\/2023\/03\/Captura-de-pantalla-2023-03-30-a-las-18.54.35.jpg 401w, https:\/\/valencianosencantabria.es\/wp-content\/uploads\/2023\/03\/Captura-de-pantalla-2023-03-30-a-las-18.54.35-212x300.jpg 212w\" sizes=\"auto, (max-width: 401px) 100vw, 401px\" \/><\/a><\/figure>\n\n\n\n<figure class=\"wp-block-image size-large\"><a href=\"https:\/\/valencianosencantabria.es\/wp-content\/uploads\/2023\/04\/memoria-ccvc-2018_compressed.pdf\"><img loading=\"lazy\" decoding=\"async\" width=\"401\" height=\"567\" data-id=\"181\" src=\"https:\/\/valencianosencantabria.es\/wp-content\/uploads\/2023\/03\/Captura-de-pantalla-2023-03-30-a-las-18.55.07.jpg\" alt=\"\" class=\"wp-image-181\" srcset=\"https:\/\/valencianosencantabria.es\/wp-content\/uploads\/2023\/03\/Captura-de-pantalla-2023-03-30-a-las-18.55.07.jpg 401w, https:\/\/valencianosencantabria.es\/wp-content\/uploads\/2023\/03\/Captura-de-pantalla-2023-03-30-a-las-18.55.07-212x300.jpg 212w\" sizes=\"auto, (max-width: 401px) 100vw, 401px\" \/><\/a><\/figure>\n\n\n\n<figure class=\"wp-block-image size-large\"><a href=\"https:\/\/valencianosencantabria.es\/wp-content\/uploads\/2023\/04\/memoria-ccvc-2019_compressed.pdf\"><img loading=\"lazy\" decoding=\"async\" width=\"401\" height=\"567\" data-id=\"184\" src=\"https:\/\/valencianosencantabria.es\/wp-content\/uploads\/2023\/03\/Captura-de-pantalla-2023-03-30-a-las-18.55.20.jpg\" alt=\"\" class=\"wp-image-184\" srcset=\"https:\/\/valencianosencantabria.es\/wp-content\/uploads\/2023\/03\/Captura-de-pantalla-2023-03-30-a-las-18.55.20.jpg 401w, https:\/\/valencianosencantabria.es\/wp-content\/uploads\/2023\/03\/Captura-de-pantalla-2023-03-30-a-las-18.55.20-212x300.jpg 212w\" sizes=\"auto, (max-width: 401px) 100vw, 401px\" \/><\/a><\/figure>\n\n\n\n<figure class=\"wp-block-image size-large\"><a href=\"https:\/\/valencianosencantabria.es\/wp-content\/uploads\/2023\/04\/memoria-ccvc-2020_compressed.pdf\"><img loading=\"lazy\" decoding=\"async\" width=\"401\" height=\"567\" data-id=\"182\" src=\"https:\/\/valencianosencantabria.es\/wp-content\/uploads\/2023\/03\/Captura-de-pantalla-2023-03-30-a-las-18.55.31.jpg\" alt=\"\" class=\"wp-image-182\" srcset=\"https:\/\/valencianosencantabria.es\/wp-content\/uploads\/2023\/03\/Captura-de-pantalla-2023-03-30-a-las-18.55.31.jpg 401w, https:\/\/valencianosencantabria.es\/wp-content\/uploads\/2023\/03\/Captura-de-pantalla-2023-03-30-a-las-18.55.31-212x300.jpg 212w\" sizes=\"auto, (max-width: 401px) 100vw, 401px\" \/><\/a><\/figure>\n\n\n\n<figure class=\"wp-block-image size-large\"><a href=\"https:\/\/valencianosencantabria.es\/wp-content\/uploads\/2023\/04\/memoria-ccvc-2021_compressed.pdf\"><img loading=\"lazy\" decoding=\"async\" width=\"401\" height=\"567\" data-id=\"185\" src=\"https:\/\/valencianosencantabria.es\/wp-content\/uploads\/2023\/03\/Captura-de-pantalla-2023-03-30-a-las-18.55.41.jpg\" alt=\"\" class=\"wp-image-185\" srcset=\"https:\/\/valencianosencantabria.es\/wp-content\/uploads\/2023\/03\/Captura-de-pantalla-2023-03-30-a-las-18.55.41.jpg 401w, https:\/\/valencianosencantabria.es\/wp-content\/uploads\/2023\/03\/Captura-de-pantalla-2023-03-30-a-las-18.55.41-212x300.jpg 212w\" sizes=\"auto, (max-width: 401px) 100vw, 401px\" \/><\/a><\/figure>\n\n\n\n<figure class=\"wp-block-image size-large\"><a href=\"https:\/\/valencianosencantabria.es\/wp-content\/uploads\/2023\/04\/memoria-ccvc-2022_compressed.pdf\"><img loading=\"lazy\" decoding=\"async\" width=\"401\" height=\"567\" data-id=\"183\" src=\"https:\/\/valencianosencantabria.es\/wp-content\/uploads\/2023\/03\/Captura-de-pantalla-2023-03-30-a-las-18.55.51.jpg\" alt=\"\" class=\"wp-image-183\" srcset=\"https:\/\/valencianosencantabria.es\/wp-content\/uploads\/2023\/03\/Captura-de-pantalla-2023-03-30-a-las-18.55.51.jpg 401w, https:\/\/valencianosencantabria.es\/wp-content\/uploads\/2023\/03\/Captura-de-pantalla-2023-03-30-a-las-18.55.51-212x300.jpg 212w\" sizes=\"auto, (max-width: 401px) 100vw, 401px\" \/><\/a><\/figure>\n<\/figure>\n\n\n<div class=\"wp-block-image is-style-default\">\n<figure class=\"alignleft size-large is-resized\"><a href=\"https:\/\/valencianosencantabria.es\/wp-content\/uploads\/2024\/11\/2023-memoria-ccvc-final_compressed.pdf\" target=\"_blank\" rel=\"noreferrer noopener\"><img loading=\"lazy\" decoding=\"async\" width=\"725\" height=\"1024\" src=\"https:\/\/valencianosencantabria.es\/wp-content\/uploads\/2024\/11\/2023-memoria-725x1024.jpg\" alt=\"\" class=\"wp-image-373\" style=\"width:197px;height:auto\" srcset=\"https:\/\/valencianosencantabria.es\/wp-content\/uploads\/2024\/11\/2023-memoria-725x1024.jpg 725w, https:\/\/valencianosencantabria.es\/wp-content\/uploads\/2024\/11\/2023-memoria-212x300.jpg 212w, https:\/\/valencianosencantabria.es\/wp-content\/uploads\/2024\/11\/2023-memoria-768x1085.jpg 768w, https:\/\/valencianosencantabria.es\/wp-content\/uploads\/2024\/11\/2023-memoria-1087x1536.jpg 1087w, https:\/\/valencianosencantabria.es\/wp-content\/uploads\/2024\/11\/2023-memoria.jpg 1241w\" sizes=\"auto, (max-width: 725px) 100vw, 725px\" \/><\/a><\/figure><\/div>\n\n\n<div class=\"wp-block-buttons alignwide is-content-justification-center is-layout-flex wp-container-core-buttons-is-layout-1 wp-block-buttons-is-layout-flex\">\n<div class=\"wp-block-button has-custom-width wp-block-button__width-25 is-style-outline is-style-outline--2\"><a class=\"wp-block-button__link wp-element-button\">HAZTE SOCIO<\/a><\/div>\n<\/div>\n","protected":false},"excerpt":{"rendered":"<p>La Casa de la Comunidad Valenciana en Cantabria Sabemos por los socios con m\u00e1s edad que desde los a\u00f1os 60 se celebraron reuniones informales entre valencianos asentados en Cantabria por motivos familiares, laborales o por ambos. En la \u00faltima d\u00e9cada del siglo XX estas reuniones se hicieron m\u00e1s asiduas y poco a poco se plante\u00f3&hellip; <a class=\"more-link\" href=\"https:\/\/valencianosencantabria.es\/?page_id=19\">Seguir leyendo <span class=\"screen-reader-text\">Historia<\/span><\/a><\/p>\n","protected":false},"author":2,"featured_media":0,"parent":0,"menu_order":0,"comment_status":"closed","ping_status":"closed","template":"","meta":{"footnotes":""},"class_list":["post-19","page","type-page","status-publish","hentry","entry"],"_links":{"self":[{"href":"https:\/\/valencianosencantabria.es\/index.php?rest_route=\/wp\/v2\/pages\/19","targetHints":{"allow":["GET"]}}],"collection":[{"href":"https:\/\/valencianosencantabria.es\/index.php?rest_route=\/wp\/v2\/pages"}],"about":[{"href":"https:\/\/valencianosencantabria.es\/index.php?rest_route=\/wp\/v2\/types\/page"}],"author":[{"embeddable":true,"href":"https:\/\/valencianosencantabria.es\/index.php?rest_route=\/wp\/v2\/users\/2"}],"replies":[{"embeddable":true,"href":"https:\/\/valencianosencantabria.es\/index.php?rest_route=%2Fwp%2Fv2%2Fcomments&post=19"}],"version-history":[{"count":31,"href":"https:\/\/valencianosencantabria.es\/index.php?rest_route=\/wp\/v2\/pages\/19\/revisions"}],"predecessor-version":[{"id":377,"href":"https:\/\/valencianosencantabria.es\/index.php?rest_route=\/wp\/v2\/pages\/19\/revisions\/377"}],"wp:attachment":[{"href":"https:\/\/valencianosencantabria.es\/index.php?rest_route=%2Fwp%2Fv2%2Fmedia&parent=19"}],"curies":[{"name":"wp","href":"https:\/\/api.w.org\/{rel}","templated":true}]}}