{"id":18,"date":"2022-12-19T11:10:22","date_gmt":"2022-12-19T11:10:22","guid":{"rendered":"https:\/\/valencianosencantabria.es\/?page_id=18"},"modified":"2024-11-15T15:57:52","modified_gmt":"2024-11-15T15:57:52","slug":"crea-tu-web-con-bloques","status":"publish","type":"page","link":"https:\/\/valencianosencantabria.es\/","title":{"rendered":"Casa de la Comunidad Valenciana en Cantabria"},"content":{"rendered":"\n<figure class=\"wp-block-image size-full is-resized\"><img loading=\"lazy\" decoding=\"async\" width=\"523\" height=\"820\" src=\"https:\/\/valencianosencantabria.es\/wp-content\/uploads\/2024\/11\/lazo-negro2.png\" alt=\"\" class=\"wp-image-357\" style=\"width:190px;height:auto\" srcset=\"https:\/\/valencianosencantabria.es\/wp-content\/uploads\/2024\/11\/lazo-negro2.png 523w, https:\/\/valencianosencantabria.es\/wp-content\/uploads\/2024\/11\/lazo-negro2-191x300.png 191w\" sizes=\"auto, (max-width: 523px) 100vw, 523px\" \/><\/figure>\n\n\n\n<figure class=\"wp-block-gallery alignwide has-nested-images columns-default is-cropped wp-block-gallery-1 is-layout-flex wp-block-gallery-is-layout-flex\">\n<figure class=\"wp-block-image size-large\"><img loading=\"lazy\" decoding=\"async\" width=\"1024\" height=\"675\" data-id=\"363\" src=\"https:\/\/valencianosencantabria.es\/wp-content\/uploads\/2024\/11\/costa-1024x675.jpg\" alt=\"\" class=\"wp-image-363\" srcset=\"https:\/\/valencianosencantabria.es\/wp-content\/uploads\/2024\/11\/costa-1024x675.jpg 1024w, https:\/\/valencianosencantabria.es\/wp-content\/uploads\/2024\/11\/costa-300x198.jpg 300w, https:\/\/valencianosencantabria.es\/wp-content\/uploads\/2024\/11\/costa-768x506.jpg 768w, https:\/\/valencianosencantabria.es\/wp-content\/uploads\/2024\/11\/costa-1536x1012.jpg 1536w, https:\/\/valencianosencantabria.es\/wp-content\/uploads\/2024\/11\/costa-2048x1349.jpg 2048w, https:\/\/valencianosencantabria.es\/wp-content\/uploads\/2024\/11\/costa-1568x1033.jpg 1568w\" sizes=\"auto, (max-width: 1024px) 100vw, 1024px\" \/><\/figure>\n\n\n\n<figure class=\"wp-block-image size-large\"><img loading=\"lazy\" decoding=\"async\" width=\"1024\" height=\"695\" data-id=\"362\" src=\"https:\/\/valencianosencantabria.es\/wp-content\/uploads\/2024\/11\/peninsula-magdalena-1024x695.jpg\" alt=\"\" class=\"wp-image-362\" srcset=\"https:\/\/valencianosencantabria.es\/wp-content\/uploads\/2024\/11\/peninsula-magdalena-1024x695.jpg 1024w, https:\/\/valencianosencantabria.es\/wp-content\/uploads\/2024\/11\/peninsula-magdalena-300x204.jpg 300w, https:\/\/valencianosencantabria.es\/wp-content\/uploads\/2024\/11\/peninsula-magdalena-768x521.jpg 768w, https:\/\/valencianosencantabria.es\/wp-content\/uploads\/2024\/11\/peninsula-magdalena-1536x1043.jpg 1536w, https:\/\/valencianosencantabria.es\/wp-content\/uploads\/2024\/11\/peninsula-magdalena-1568x1065.jpg 1568w, https:\/\/valencianosencantabria.es\/wp-content\/uploads\/2024\/11\/peninsula-magdalena.jpg 1701w\" sizes=\"auto, (max-width: 1024px) 100vw, 1024px\" \/><\/figure>\n\n\n\n<figure class=\"wp-block-image size-large\"><img loading=\"lazy\" decoding=\"async\" width=\"1024\" height=\"695\" data-id=\"364\" src=\"https:\/\/valencianosencantabria.es\/wp-content\/uploads\/2024\/11\/paisaje-verde-1024x695.jpeg\" alt=\"\" class=\"wp-image-364\" srcset=\"https:\/\/valencianosencantabria.es\/wp-content\/uploads\/2024\/11\/paisaje-verde-1024x695.jpeg 1024w, https:\/\/valencianosencantabria.es\/wp-content\/uploads\/2024\/11\/paisaje-verde-300x203.jpeg 300w, https:\/\/valencianosencantabria.es\/wp-content\/uploads\/2024\/11\/paisaje-verde-768x521.jpeg 768w, https:\/\/valencianosencantabria.es\/wp-content\/uploads\/2024\/11\/paisaje-verde.jpeg 1408w\" sizes=\"auto, (max-width: 1024px) 100vw, 1024px\" \/><\/figure>\n\n\n\n<figure class=\"wp-block-image size-large\"><img loading=\"lazy\" decoding=\"async\" width=\"1024\" height=\"759\" data-id=\"359\" src=\"https:\/\/valencianosencantabria.es\/wp-content\/uploads\/2024\/11\/farola-1024x759.jpg\" alt=\"\" class=\"wp-image-359\" srcset=\"https:\/\/valencianosencantabria.es\/wp-content\/uploads\/2024\/11\/farola-1024x759.jpg 1024w, https:\/\/valencianosencantabria.es\/wp-content\/uploads\/2024\/11\/farola-300x222.jpg 300w, https:\/\/valencianosencantabria.es\/wp-content\/uploads\/2024\/11\/farola-768x569.jpg 768w, https:\/\/valencianosencantabria.es\/wp-content\/uploads\/2024\/11\/farola-1536x1138.jpg 1536w, https:\/\/valencianosencantabria.es\/wp-content\/uploads\/2024\/11\/farola-1568x1161.jpg 1568w, https:\/\/valencianosencantabria.es\/wp-content\/uploads\/2024\/11\/farola.jpg 1701w\" sizes=\"auto, (max-width: 1024px) 100vw, 1024px\" \/><\/figure>\n<\/figure>\n\n\n\n<h1 class=\"wp-block-heading alignwide has-text-align-center\">\u00a1Bienvenid@s!<\/h1>\n\n\n\n<h2 class=\"wp-block-heading alignwide has-text-align-center\"> <strong>a la<\/strong> <strong>Casa de la Comunidad Valenciana en Cantabria<\/strong><\/h2>\n\n\n\n<h5 class=\"wp-block-heading alignwide has-text-align-center has-green-background-color has-background\">La asociaci\u00f3n \u201cCasa de la Comunidad Valenciana en Cantabria\u201d desde el a\u00f1o 2003 organiza actividades para dar a conocer aspectos relevantes de la cultura valenciana y tambi\u00e9n para establecer puntos de conexi\u00f3n entre ambas comunidades. Para ello contamos con el trabajo de los socios y de empresas e instituciones valencianas y c\u00e1ntabras, tanto privadas como p\u00fablicas y entre ellas la Consejer\u00eda de Presidencia del Gobierno de Cantabria y la Consejer\u00eda de Presidencia de la Generalitat Valenciana.<br>Desde su creaci\u00f3n nuestro objetivo ha sido establecer puentes entre las dos comunidades a la vez que incrementamos los lazos de conocimiento y ayuda mientras compartimos momentos vitales.<\/h5>\n\n\n\n<h4 class=\"wp-block-heading alignwide has-text-align-center\"><strong>Os invitamos a trav\u00e9s de esta p\u00e1gina web a conocer la riqueza de ambas comunidades.<\/strong><\/h4>\n\n\n\n<div style=\"height:50px\" aria-hidden=\"true\" class=\"wp-block-spacer\"><\/div>\n\n\n\n<div class=\"wp-block-columns alignwide are-vertically-aligned-top is-layout-flex wp-container-core-columns-is-layout-1 wp-block-columns-is-layout-flex\">\n<div class=\"wp-block-column is-vertically-aligned-top is-layout-flow wp-block-column-is-layout-flow\">\n<h3 class=\"wp-block-heading has-text-align-center has-green-background-color has-background\"><strong>Historia<\/strong><\/h3>\n\n\n\n<p class=\"has-text-align-left\">Sabemos por los socios con m\u00e1s edad que desde los a\u00f1os 60 se celebraron reuniones<br>informales entre valencianos asentados en Cantabria por motivos familiares, laborales o por ambos.<br>El 4 de abril de 2003 se presenta ante la Secretar\u00eda General de la Consejer\u00eda de Presidencia, la solicitud para que inscriba como asociaci\u00f3n cultural \u201cCasa de la Comunidad Valenciana en Cantabria\u201d. Confirm\u00e1ndose su inscripci\u00f3n en el Registro de Asociaciones de Cantabria, el 23 de julio de 2003, n\u00ba 3323\/962. <\/p>\n\n\n\n<div class=\"wp-block-buttons is-layout-flex wp-block-buttons-is-layout-flex\">\n<div class=\"wp-block-button\"><a class=\"wp-block-button__link wp-element-button\" href=\"https:\/\/valencianosencantabria.es\/?page_id=19\">Leer m\u00e1s<\/a><\/div>\n<\/div>\n<\/div>\n\n\n\n<div class=\"wp-block-column is-vertically-aligned-top is-layout-flow wp-block-column-is-layout-flow\">\n<h3 class=\"wp-block-heading has-text-align-center has-green-background-color has-background\"><strong>Actividades<\/strong><\/h3>\n\n\n\n<p>Nuestra actividades mas cl\u00e1sicas son las conferencias, que muestran aspectos relevantes de la C. Valenciana y de Cantabria y los viajes culturales por las tierras de Cantabria y las comunidades lim\u00edtrofes, para disfrutar de los paisajes, el arte y la gastronom\u00eda de estos territorios y sus riquezas. Tambi\u00e9n incluimos actividades institucionales en torno a la festividad del 9 de octubre (d\u00eda de la Comunidad Valenciana) y en el segundo domingo de mayo, la fiesta de la Virgen de los Desamparados.<br><\/p>\n\n\n\n<div class=\"wp-block-buttons is-layout-flex wp-block-buttons-is-layout-flex\">\n<div class=\"wp-block-button\"><a class=\"wp-block-button__link wp-element-button\" href=\"https:\/\/valencianosencantabria.es\/?page_id=2\">Leer m\u00e1s<\/a><\/div>\n<\/div>\n<\/div>\n\n\n\n<div class=\"wp-block-column is-vertically-aligned-top is-layout-flow wp-block-column-is-layout-flow\">\n<h3 class=\"wp-block-heading has-text-align-center has-green-background-color has-background\"><strong>Hazte socio<\/strong><\/h3>\n\n\n\n<p class=\"has-text-align-left\">Ser socio de de la Casa de la Comunidad Valenciana en Cantabria significa colaborar con la asociaci\u00f3n y tener derecho a participar en el desarrollo de actividades l\u00fadicas y variadas que organizamos.<\/p>\n\n\n\n<p>Entre ellas se encuentran algunas actividades formativas, culturales institucionales, de participaci\u00f3n y reuniones con otras casas regionales, donde los socios son los protagonistas.<\/p>\n\n\n\n<div class=\"wp-block-buttons is-layout-flex wp-block-buttons-is-layout-flex\">\n<div class=\"wp-block-button\"><a class=\"wp-block-button__link wp-element-button\">Leer m\u00e1s<\/a><\/div>\n<\/div>\n<\/div>\n<\/div>\n\n\n\n<div style=\"height:37px\" aria-hidden=\"true\" class=\"wp-block-spacer\"><\/div>\n\n\n\n<hr class=\"wp-block-separator has-alpha-channel-opacity\"\/>\n\n\n\n<h2 class=\"wp-block-heading alignwide has-text-align-center\" style=\"text-transform:capitalize\">Colaboran con nosotros<\/h2>\n\n\n\n<figure class=\"wp-block-pullquote alignwide\"><blockquote><p>A lo largo de nuestros veinte a\u00f1os de andadura como asociaci\u00f3n hemos recibido apoyo de entidades p\u00fablicas y privadas.<\/p><\/blockquote><\/figure>\n\n\n<div class=\"wp-block-image\">\n<figure class=\"aligncenter size-full is-resized\"><img loading=\"lazy\" decoding=\"async\" width=\"725\" height=\"425\" src=\"https:\/\/valencianosencantabria.es\/wp-content\/uploads\/2024\/11\/gv_presidencia_pantone_cast.jpeg\" alt=\"\" class=\"wp-image-353\" style=\"aspect-ratio:2.0952380952380953;object-fit:contain;width:578px;height:auto\" srcset=\"https:\/\/valencianosencantabria.es\/wp-content\/uploads\/2024\/11\/gv_presidencia_pantone_cast.jpeg 725w, https:\/\/valencianosencantabria.es\/wp-content\/uploads\/2024\/11\/gv_presidencia_pantone_cast-300x176.jpeg 300w\" sizes=\"auto, (max-width: 725px) 100vw, 725px\" \/><figcaption class=\"wp-element-caption\">Esta web ha sido realizada gracias al apoyo de la <br>Generalitat Valenciana<\/figcaption><\/figure><\/div>\n\n\n<hr class=\"wp-block-separator has-alpha-channel-opacity\"\/>\n\n\n\n<figure class=\"wp-block-image size-full is-resized\"><img loading=\"lazy\" decoding=\"async\" width=\"1181\" height=\"307\" src=\"https:\/\/valencianosencantabria.es\/wp-content\/uploads\/2024\/11\/CONSEJERIAS-LEBANIEGO_0723-rgb_HORT_PRESIDENCIA.jpeg\" alt=\"\" class=\"wp-image-352\" style=\"aspect-ratio:2.189655172413793;object-fit:contain;width:685px;height:auto\" srcset=\"https:\/\/valencianosencantabria.es\/wp-content\/uploads\/2024\/11\/CONSEJERIAS-LEBANIEGO_0723-rgb_HORT_PRESIDENCIA.jpeg 1181w, https:\/\/valencianosencantabria.es\/wp-content\/uploads\/2024\/11\/CONSEJERIAS-LEBANIEGO_0723-rgb_HORT_PRESIDENCIA-300x78.jpeg 300w, https:\/\/valencianosencantabria.es\/wp-content\/uploads\/2024\/11\/CONSEJERIAS-LEBANIEGO_0723-rgb_HORT_PRESIDENCIA-1024x266.jpeg 1024w, https:\/\/valencianosencantabria.es\/wp-content\/uploads\/2024\/11\/CONSEJERIAS-LEBANIEGO_0723-rgb_HORT_PRESIDENCIA-768x200.jpeg 768w\" sizes=\"auto, (max-width: 1181px) 100vw, 1181px\" \/><\/figure>\n\n\n\n<p><\/p>\n\n\n\n<div class=\"wp-block-columns is-layout-flex wp-container-core-columns-is-layout-2 wp-block-columns-is-layout-flex\">\n<div class=\"wp-block-column is-layout-flow wp-block-column-is-layout-flow\">\n<figure class=\"wp-block-image size-full\"><img loading=\"lazy\" decoding=\"async\" width=\"945\" height=\"280\" src=\"https:\/\/valencianosencantabria.es\/wp-content\/uploads\/2023\/04\/Santadner-Version-Principal.jpeg\" alt=\"\" class=\"wp-image-205\" srcset=\"https:\/\/valencianosencantabria.es\/wp-content\/uploads\/2023\/04\/Santadner-Version-Principal.jpeg 945w, https:\/\/valencianosencantabria.es\/wp-content\/uploads\/2023\/04\/Santadner-Version-Principal-300x89.jpeg 300w, https:\/\/valencianosencantabria.es\/wp-content\/uploads\/2023\/04\/Santadner-Version-Principal-768x228.jpeg 768w\" sizes=\"auto, (max-width: 945px) 100vw, 945px\" \/><\/figure>\n<\/div>\n\n\n\n<div class=\"wp-block-column is-layout-flow wp-block-column-is-layout-flow\">\n<figure class=\"wp-block-image size-full\"><img loading=\"lazy\" decoding=\"async\" width=\"400\" height=\"126\" src=\"https:\/\/valencianosencantabria.es\/wp-content\/uploads\/2023\/04\/logo-ayuntamiento-torrelavega.jpg\" alt=\"\" class=\"wp-image-204\" srcset=\"https:\/\/valencianosencantabria.es\/wp-content\/uploads\/2023\/04\/logo-ayuntamiento-torrelavega.jpg 400w, https:\/\/valencianosencantabria.es\/wp-content\/uploads\/2023\/04\/logo-ayuntamiento-torrelavega-300x95.jpg 300w\" sizes=\"auto, (max-width: 400px) 100vw, 400px\" \/><\/figure>\n<\/div>\n<\/div>\n\n\n\n<div class=\"wp-block-columns is-layout-flex wp-container-core-columns-is-layout-3 wp-block-columns-is-layout-flex\">\n<div class=\"wp-block-column is-layout-flow wp-block-column-is-layout-flow\">\n<figure class=\"wp-block-image size-full is-resized\"><img loading=\"lazy\" decoding=\"async\" width=\"204\" height=\"247\" src=\"https:\/\/valencianosencantabria.es\/wp-content\/uploads\/2023\/04\/Galicia.jpg\" alt=\"\" class=\"wp-image-200\" style=\"width:167px;height:202px\"\/><\/figure>\n<\/div>\n\n\n\n<div class=\"wp-block-column is-layout-flow wp-block-column-is-layout-flow\"><div class=\"wp-block-image\">\n<figure class=\"aligncenter size-full is-resized\"><img loading=\"lazy\" decoding=\"async\" width=\"187\" height=\"270\" src=\"https:\/\/valencianosencantabria.es\/wp-content\/uploads\/2023\/04\/galicia100.jpg\" alt=\"\" class=\"wp-image-201\" style=\"width:142px;height:205px\"\/><\/figure><\/div><\/div>\n\n\n\n<div class=\"wp-block-column is-layout-flow wp-block-column-is-layout-flow\">\n<figure class=\"wp-block-image size-full is-resized\"><img loading=\"lazy\" decoding=\"async\" width=\"960\" height=\"960\" src=\"https:\/\/valencianosencantabria.es\/wp-content\/uploads\/2023\/04\/logo-santander.jpg\" alt=\"\" class=\"wp-image-199\" style=\"width:184px;height:184px\" srcset=\"https:\/\/valencianosencantabria.es\/wp-content\/uploads\/2023\/04\/logo-santander.jpg 960w, https:\/\/valencianosencantabria.es\/wp-content\/uploads\/2023\/04\/logo-santander-300x300.jpg 300w, https:\/\/valencianosencantabria.es\/wp-content\/uploads\/2023\/04\/logo-santander-150x150.jpg 150w, https:\/\/valencianosencantabria.es\/wp-content\/uploads\/2023\/04\/logo-santander-768x768.jpg 768w\" sizes=\"auto, (max-width: 960px) 100vw, 960px\" \/><\/figure>\n<\/div>\n<\/div>\n\n\n\n<div class=\"wp-block-columns is-layout-flex wp-container-core-columns-is-layout-4 wp-block-columns-is-layout-flex\">\n<div class=\"wp-block-column is-layout-flow wp-block-column-is-layout-flow\"><div class=\"wp-block-image\">\n<figure class=\"aligncenter size-full is-resized\"><img loading=\"lazy\" decoding=\"async\" width=\"709\" height=\"195\" src=\"https:\/\/valencianosencantabria.es\/wp-content\/uploads\/2023\/04\/logo-cajacantabria.jpg\" alt=\"\" class=\"wp-image-202\" style=\"width:298px;height:81px\" srcset=\"https:\/\/valencianosencantabria.es\/wp-content\/uploads\/2023\/04\/logo-cajacantabria.jpg 709w, https:\/\/valencianosencantabria.es\/wp-content\/uploads\/2023\/04\/logo-cajacantabria-300x83.jpg 300w\" sizes=\"auto, (max-width: 709px) 100vw, 709px\" \/><\/figure><\/div>\n\n<div class=\"wp-block-image\">\n<figure class=\"aligncenter size-full is-resized\"><img loading=\"lazy\" decoding=\"async\" width=\"213\" height=\"77\" src=\"https:\/\/valencianosencantabria.es\/wp-content\/uploads\/2024\/11\/FH9-logotipo-2024.jpeg\" alt=\"\" class=\"wp-image-351\" style=\"width:254px;height:auto\"\/><\/figure><\/div><\/div>\n<\/div>\n\n\n\n<p><\/p>\n","protected":false},"excerpt":{"rendered":"<p>\u00a1Bienvenid@s! a la Casa de la Comunidad Valenciana en Cantabria La asociaci\u00f3n \u201cCasa de la Comunidad Valenciana en Cantabria\u201d desde el a\u00f1o 2003 organiza actividades para dar a conocer aspectos relevantes de la cultura valenciana y tambi\u00e9n para establecer puntos de conexi\u00f3n entre ambas comunidades. Para ello contamos con el trabajo de los socios y&hellip; <a class=\"more-link\" href=\"https:\/\/valencianosencantabria.es\/\">Seguir leyendo <span class=\"screen-reader-text\">Casa de la Comunidad Valenciana en Cantabria<\/span><\/a><\/p>\n","protected":false},"author":2,"featured_media":0,"parent":0,"menu_order":0,"comment_status":"closed","ping_status":"closed","template":"","meta":{"footnotes":""},"class_list":["post-18","page","type-page","status-publish","hentry","entry"],"_links":{"self":[{"href":"https:\/\/valencianosencantabria.es\/index.php?rest_route=\/wp\/v2\/pages\/18","targetHints":{"allow":["GET"]}}],"collection":[{"href":"https:\/\/valencianosencantabria.es\/index.php?rest_route=\/wp\/v2\/pages"}],"about":[{"href":"https:\/\/valencianosencantabria.es\/index.php?rest_route=\/wp\/v2\/types\/page"}],"author":[{"embeddable":true,"href":"https:\/\/valencianosencantabria.es\/index.php?rest_route=\/wp\/v2\/users\/2"}],"replies":[{"embeddable":true,"href":"https:\/\/valencianosencantabria.es\/index.php?rest_route=%2Fwp%2Fv2%2Fcomments&post=18"}],"version-history":[{"count":50,"href":"https:\/\/valencianosencantabria.es\/index.php?rest_route=\/wp\/v2\/pages\/18\/revisions"}],"predecessor-version":[{"id":365,"href":"https:\/\/valencianosencantabria.es\/index.php?rest_route=\/wp\/v2\/pages\/18\/revisions\/365"}],"wp:attachment":[{"href":"https:\/\/valencianosencantabria.es\/index.php?rest_route=%2Fwp%2Fv2%2Fmedia&parent=18"}],"curies":[{"name":"wp","href":"https:\/\/api.w.org\/{rel}","templated":true}]}}